{"id":766,"date":"2025-10-30T16:28:04","date_gmt":"2025-10-30T16:28:04","guid":{"rendered":"https:\/\/thormenorca.klicma.com\/?post_type=product&#038;p=766"},"modified":"2025-10-30T17:19:29","modified_gmt":"2025-10-30T17:19:29","slug":"hoodie-eco-thor-logo-dorado","status":"publish","type":"product","link":"https:\/\/thormenorca.klicma.com\/en\/product\/hoodie-eco-thor-logo-dorado\/","title":{"rendered":"Sudadera THOR Menorca \u201cNature White\u201d \u2013 Logo Verde"},"content":{"rendered":"<p data-start=\"126\" data-end=\"405\">Sum\u00e9rgete en la esencia natural de Menorca con esta sudadera de color blanco puro, protagonizada por el logotipo verde del caballo THOR. Confeccionada en algod\u00f3n de alta calidad, aporta suavidad y confort en cada momento. Su dise\u00f1o minimalista y atemporal refleja elegancia y autenticidad, ideal para quienes valoran estilo y sostenibilidad. Los pu\u00f1os acanalados, el cuello redondo cl\u00e1sico y el corte unisex la convierten en una prenda vers\u00e1til para el d\u00eda a d\u00eda o para escapadas al aire libre. Lleva contigo la fuerza, la libertad y el esp\u00edritu ecuestre de THOR Menorca.<\/p>","protected":false},"excerpt":{"rendered":"<p>Sum\u00e9rgete en la esencia natural de Menorca con esta sudadera de color blanco puro, protagonizada por el logotipo verde del caballo THOR. Confeccionada en algod\u00f3n de alta calidad, aporta suavidad y confort en cada momento. Su dise\u00f1o minimalista y atemporal refleja elegancia y autenticidad, ideal para quienes valoran estilo y sostenibilidad. Los pu\u00f1os acanalados, el cuello redondo cl\u00e1sico y el corte unisex la convierten en una prenda vers\u00e1til para el d\u00eda a d\u00eda o para escapadas al aire libre. Lleva contigo la fuerza, la libertad y el esp\u00edritu ecuestre de THOR Menorca.<\/p>","protected":false},"featured_media":381,"comment_status":"open","ping_status":"closed","template":"","meta":[],"product_brand":[],"product_cat":[19],"product_tag":[],"class_list":{"0":"post-766","1":"product","2":"type-product","3":"status-publish","4":"has-post-thumbnail","6":"product_cat-textil","8":"first","9":"instock","10":"taxable","11":"shipping-taxable","12":"purchasable","13":"product-type-variable"},"yoast_head":"<!-- This site is optimized with the Yoast SEO plugin v26.2 - https:\/\/yoast.com\/wordpress\/plugins\/seo\/ -->\n<title>Sudadera THOR Menorca \u201cNature White\u201d \u2013 Logo Verde - thormenorca.klicma.com<\/title>\n<meta name=\"robots\" content=\"index, follow, max-snippet:-1, max-image-preview:large, max-video-preview:-1\" \/>\n<link rel=\"canonical\" href=\"https:\/\/thormenorca.klicma.com\/en\/product\/hoodie-eco-thor-logo-dorado\/\" \/>\n<meta property=\"og:locale\" content=\"en_US\" \/>\n<meta property=\"og:type\" content=\"article\" \/>\n<meta property=\"og:title\" content=\"Sudadera THOR Menorca \u201cNature White\u201d \u2013 Logo Verde - thormenorca.klicma.com\" \/>\n<meta property=\"og:description\" content=\"Sum\u00e9rgete en la esencia natural de Menorca con esta sudadera de color blanco puro, protagonizada por el logotipo verde del caballo THOR. Confeccionada en algod\u00f3n de alta calidad, aporta suavidad y confort en cada momento. Su dise\u00f1o minimalista y atemporal refleja elegancia y autenticidad, ideal para quienes valoran estilo y sostenibilidad. Los pu\u00f1os acanalados, el cuello redondo cl\u00e1sico y el corte unisex la convierten en una prenda vers\u00e1til para el d\u00eda a d\u00eda o para escapadas al aire libre. Lleva contigo la fuerza, la libertad y el esp\u00edritu ecuestre de THOR Menorca.\" \/>\n<meta property=\"og:url\" content=\"https:\/\/thormenorca.klicma.com\/en\/product\/hoodie-eco-thor-logo-dorado\/\" \/>\n<meta property=\"og:site_name\" content=\"thormenorca.klicma.com\" \/>\n<meta property=\"article:modified_time\" content=\"2025-10-30T17:19:29+00:00\" \/>\n<meta property=\"og:image\" content=\"https:\/\/thormenorca.klicma.com\/wp-content\/uploads\/2025\/08\/Sweatshirt_THOR-2-scaled.jpg\" \/>\n\t<meta property=\"og:image:width\" content=\"2560\" \/>\n\t<meta property=\"og:image:height\" content=\"1707\" \/>\n\t<meta property=\"og:image:type\" content=\"image\/jpeg\" \/>\n<meta name=\"twitter:card\" content=\"summary_large_image\" \/>\n<meta name=\"twitter:label1\" content=\"Est. reading time\" \/>\n\t<meta name=\"twitter:data1\" content=\"1 minute\" \/>\n<script type=\"application\/ld+json\" class=\"yoast-schema-graph\">{\"@context\":\"https:\/\/schema.org\",\"@graph\":[{\"@type\":\"WebPage\",\"@id\":\"https:\/\/thormenorca.klicma.com\/producto\/hoodie-eco-thor-logo-dorado\/\",\"url\":\"https:\/\/thormenorca.klicma.com\/producto\/hoodie-eco-thor-logo-dorado\/\",\"name\":\"Sudadera THOR Menorca \u201cNature White\u201d \u2013 Logo Verde - thormenorca.klicma.com\",\"isPartOf\":{\"@id\":\"https:\/\/thormenorca.klicma.com\/#website\"},\"primaryImageOfPage\":{\"@id\":\"https:\/\/thormenorca.klicma.com\/producto\/hoodie-eco-thor-logo-dorado\/#primaryimage\"},\"image\":{\"@id\":\"https:\/\/thormenorca.klicma.com\/producto\/hoodie-eco-thor-logo-dorado\/#primaryimage\"},\"thumbnailUrl\":\"https:\/\/thormenorca.klicma.com\/wp-content\/uploads\/2025\/08\/Sweatshirt_THOR-2-scaled.jpg\",\"datePublished\":\"2025-10-30T16:28:04+00:00\",\"dateModified\":\"2025-10-30T17:19:29+00:00\",\"breadcrumb\":{\"@id\":\"https:\/\/thormenorca.klicma.com\/producto\/hoodie-eco-thor-logo-dorado\/#breadcrumb\"},\"inLanguage\":\"en-US\",\"potentialAction\":[{\"@type\":\"ReadAction\",\"target\":[\"https:\/\/thormenorca.klicma.com\/producto\/hoodie-eco-thor-logo-dorado\/\"]}]},{\"@type\":\"ImageObject\",\"inLanguage\":\"en-US\",\"@id\":\"https:\/\/thormenorca.klicma.com\/producto\/hoodie-eco-thor-logo-dorado\/#primaryimage\",\"url\":\"https:\/\/thormenorca.klicma.com\/wp-content\/uploads\/2025\/08\/Sweatshirt_THOR-2-scaled.jpg\",\"contentUrl\":\"https:\/\/thormenorca.klicma.com\/wp-content\/uploads\/2025\/08\/Sweatshirt_THOR-2-scaled.jpg\",\"width\":2560,\"height\":1707},{\"@type\":\"BreadcrumbList\",\"@id\":\"https:\/\/thormenorca.klicma.com\/producto\/hoodie-eco-thor-logo-dorado\/#breadcrumb\",\"itemListElement\":[{\"@type\":\"ListItem\",\"position\":1,\"name\":\"Portada\",\"item\":\"https:\/\/thormenorca.klicma.com\/\"},{\"@type\":\"ListItem\",\"position\":2,\"name\":\"Tienda\",\"item\":\"https:\/\/thormenorca.klicma.com\/tienda\/\"},{\"@type\":\"ListItem\",\"position\":3,\"name\":\"Sudadera THOR Menorca \u201cNature White\u201d \u2013 Logo Verde\"}]},{\"@type\":\"WebSite\",\"@id\":\"https:\/\/thormenorca.klicma.com\/#website\",\"url\":\"https:\/\/thormenorca.klicma.com\/\",\"name\":\"thormenorca.com\",\"description\":\"\",\"publisher\":{\"@id\":\"https:\/\/thormenorca.klicma.com\/#organization\"},\"potentialAction\":[{\"@type\":\"SearchAction\",\"target\":{\"@type\":\"EntryPoint\",\"urlTemplate\":\"https:\/\/thormenorca.klicma.com\/?s={search_term_string}\"},\"query-input\":{\"@type\":\"PropertyValueSpecification\",\"valueRequired\":true,\"valueName\":\"search_term_string\"}}],\"inLanguage\":\"en-US\"},{\"@type\":\"Organization\",\"@id\":\"https:\/\/thormenorca.klicma.com\/#organization\",\"name\":\"thormenorca\",\"url\":\"https:\/\/thormenorca.klicma.com\/\",\"logo\":{\"@type\":\"ImageObject\",\"inLanguage\":\"en-US\",\"@id\":\"https:\/\/thormenorca.klicma.com\/#\/schema\/logo\/image\/\",\"url\":\"https:\/\/thormenorca.klicma.com\/wp-content\/uploads\/2025\/06\/webIcon.png\",\"contentUrl\":\"https:\/\/thormenorca.klicma.com\/wp-content\/uploads\/2025\/06\/webIcon.png\",\"width\":320,\"height\":562,\"caption\":\"thormenorca\"},\"image\":{\"@id\":\"https:\/\/thormenorca.klicma.com\/#\/schema\/logo\/image\/\"},\"sameAs\":[\"https:\/\/www.instagram.com\/thormenorca\"]}]}<\/script>\n<!-- \/ Yoast SEO plugin. -->","yoast_head_json":{"title":"Sudadera THOR Menorca \u201cNature White\u201d \u2013 Logo Verde - thormenorca.klicma.com","robots":{"index":"index","follow":"follow","max-snippet":"max-snippet:-1","max-image-preview":"max-image-preview:large","max-video-preview":"max-video-preview:-1"},"canonical":"https:\/\/thormenorca.klicma.com\/en\/product\/hoodie-eco-thor-logo-dorado\/","og_locale":"en_US","og_type":"article","og_title":"Sudadera THOR Menorca \u201cNature White\u201d \u2013 Logo Verde - thormenorca.klicma.com","og_description":"Sum\u00e9rgete en la esencia natural de Menorca con esta sudadera de color blanco puro, protagonizada por el logotipo verde del caballo THOR. Confeccionada en algod\u00f3n de alta calidad, aporta suavidad y confort en cada momento. Su dise\u00f1o minimalista y atemporal refleja elegancia y autenticidad, ideal para quienes valoran estilo y sostenibilidad. Los pu\u00f1os acanalados, el cuello redondo cl\u00e1sico y el corte unisex la convierten en una prenda vers\u00e1til para el d\u00eda a d\u00eda o para escapadas al aire libre. Lleva contigo la fuerza, la libertad y el esp\u00edritu ecuestre de THOR Menorca.","og_url":"https:\/\/thormenorca.klicma.com\/en\/product\/hoodie-eco-thor-logo-dorado\/","og_site_name":"thormenorca.klicma.com","article_modified_time":"2025-10-30T17:19:29+00:00","og_image":[{"width":2560,"height":1707,"url":"https:\/\/thormenorca.klicma.com\/wp-content\/uploads\/2025\/08\/Sweatshirt_THOR-2-scaled.jpg","type":"image\/jpeg"}],"twitter_card":"summary_large_image","twitter_misc":{"Est. reading time":"1 minute"},"schema":{"@context":"https:\/\/schema.org","@graph":[{"@type":"WebPage","@id":"https:\/\/thormenorca.klicma.com\/producto\/hoodie-eco-thor-logo-dorado\/","url":"https:\/\/thormenorca.klicma.com\/producto\/hoodie-eco-thor-logo-dorado\/","name":"Sudadera THOR Menorca \u201cNature White\u201d \u2013 Logo Verde - thormenorca.klicma.com","isPartOf":{"@id":"https:\/\/thormenorca.klicma.com\/#website"},"primaryImageOfPage":{"@id":"https:\/\/thormenorca.klicma.com\/producto\/hoodie-eco-thor-logo-dorado\/#primaryimage"},"image":{"@id":"https:\/\/thormenorca.klicma.com\/producto\/hoodie-eco-thor-logo-dorado\/#primaryimage"},"thumbnailUrl":"https:\/\/thormenorca.klicma.com\/wp-content\/uploads\/2025\/08\/Sweatshirt_THOR-2-scaled.jpg","datePublished":"2025-10-30T16:28:04+00:00","dateModified":"2025-10-30T17:19:29+00:00","breadcrumb":{"@id":"https:\/\/thormenorca.klicma.com\/producto\/hoodie-eco-thor-logo-dorado\/#breadcrumb"},"inLanguage":"en-US","potentialAction":[{"@type":"ReadAction","target":["https:\/\/thormenorca.klicma.com\/producto\/hoodie-eco-thor-logo-dorado\/"]}]},{"@type":"ImageObject","inLanguage":"en-US","@id":"https:\/\/thormenorca.klicma.com\/producto\/hoodie-eco-thor-logo-dorado\/#primaryimage","url":"https:\/\/thormenorca.klicma.com\/wp-content\/uploads\/2025\/08\/Sweatshirt_THOR-2-scaled.jpg","contentUrl":"https:\/\/thormenorca.klicma.com\/wp-content\/uploads\/2025\/08\/Sweatshirt_THOR-2-scaled.jpg","width":2560,"height":1707},{"@type":"BreadcrumbList","@id":"https:\/\/thormenorca.klicma.com\/producto\/hoodie-eco-thor-logo-dorado\/#breadcrumb","itemListElement":[{"@type":"ListItem","position":1,"name":"Portada","item":"https:\/\/thormenorca.klicma.com\/"},{"@type":"ListItem","position":2,"name":"Tienda","item":"https:\/\/thormenorca.klicma.com\/tienda\/"},{"@type":"ListItem","position":3,"name":"Sudadera THOR Menorca \u201cNature White\u201d \u2013 Logo Verde"}]},{"@type":"WebSite","@id":"https:\/\/thormenorca.klicma.com\/#website","url":"https:\/\/thormenorca.klicma.com\/","name":"thormenorca.com","description":"","publisher":{"@id":"https:\/\/thormenorca.klicma.com\/#organization"},"potentialAction":[{"@type":"SearchAction","target":{"@type":"EntryPoint","urlTemplate":"https:\/\/thormenorca.klicma.com\/?s={search_term_string}"},"query-input":{"@type":"PropertyValueSpecification","valueRequired":true,"valueName":"search_term_string"}}],"inLanguage":"en-US"},{"@type":"Organization","@id":"https:\/\/thormenorca.klicma.com\/#organization","name":"thormenorca","url":"https:\/\/thormenorca.klicma.com\/","logo":{"@type":"ImageObject","inLanguage":"en-US","@id":"https:\/\/thormenorca.klicma.com\/#\/schema\/logo\/image\/","url":"https:\/\/thormenorca.klicma.com\/wp-content\/uploads\/2025\/06\/webIcon.png","contentUrl":"https:\/\/thormenorca.klicma.com\/wp-content\/uploads\/2025\/06\/webIcon.png","width":320,"height":562,"caption":"thormenorca"},"image":{"@id":"https:\/\/thormenorca.klicma.com\/#\/schema\/logo\/image\/"},"sameAs":["https:\/\/www.instagram.com\/thormenorca"]}]}},"_links":{"self":[{"href":"https:\/\/thormenorca.klicma.com\/en\/wp-json\/wp\/v2\/product\/766","targetHints":{"allow":["GET"]}}],"collection":[{"href":"https:\/\/thormenorca.klicma.com\/en\/wp-json\/wp\/v2\/product"}],"about":[{"href":"https:\/\/thormenorca.klicma.com\/en\/wp-json\/wp\/v2\/types\/product"}],"replies":[{"embeddable":true,"href":"https:\/\/thormenorca.klicma.com\/en\/wp-json\/wp\/v2\/comments?post=766"}],"wp:featuredmedia":[{"embeddable":true,"href":"https:\/\/thormenorca.klicma.com\/en\/wp-json\/wp\/v2\/media\/381"}],"wp:attachment":[{"href":"https:\/\/thormenorca.klicma.com\/en\/wp-json\/wp\/v2\/media?parent=766"}],"wp:term":[{"taxonomy":"product_brand","embeddable":true,"href":"https:\/\/thormenorca.klicma.com\/en\/wp-json\/wp\/v2\/product_brand?post=766"},{"taxonomy":"product_cat","embeddable":true,"href":"https:\/\/thormenorca.klicma.com\/en\/wp-json\/wp\/v2\/product_cat?post=766"},{"taxonomy":"product_tag","embeddable":true,"href":"https:\/\/thormenorca.klicma.com\/en\/wp-json\/wp\/v2\/product_tag?post=766"}],"curies":[{"name":"wp","href":"https:\/\/api.w.org\/{rel}","templated":true}]}}