{"id":754,"date":"2025-10-24T15:31:59","date_gmt":"2025-10-24T15:31:59","guid":{"rendered":"https:\/\/thormenorca.klicma.com\/?post_type=product&#038;p=754"},"modified":"2025-10-30T17:54:20","modified_gmt":"2025-10-30T17:54:20","slug":"bolsa-con-el-logo-de-thor-green","status":"publish","type":"product","link":"https:\/\/thormenorca.klicma.com\/en\/product\/bolsa-con-el-logo-de-thor-green\/","title":{"rendered":"Bolsa THOR Menorca \u201cHeritage Tote \u2013 Vintage Black\/Verde\u201d"},"content":{"rendered":"<p>Elegancia y car\u00e1cter en una bolsa de tono oscuro con el logotipo verde distintivo de THOR Menorca. Su contraste crom\u00e1tico \u2014fondo negro profundo y emblema verde vivo\u2014 transmite fuerza, personalidad y estilo refinado. Fabricada con materiales responsables y duraderos, cuenta con asas amplias y estructura dise\u00f1ada para acompa\u00f1arte en tu d\u00eda a d\u00eda con confort y actitud: ya sea rumbo a la playa, al campo o en ciudad. Un accesorio que fusiona la esencia del caballo frison con la est\u00e9tica contempor\u00e1nea de la isla, pensado para quienes valoran dise\u00f1o, calidad y filosof\u00eda.<\/p>","protected":false},"excerpt":{"rendered":"<p>Elegancia y car\u00e1cter en una bolsa de tono oscuro con el logotipo verde distintivo de THOR Menorca. Su contraste crom\u00e1tico \u2014fondo negro profundo y emblema verde vivo\u2014 transmite fuerza, personalidad y estilo refinado. Fabricada con materiales responsables y duraderos, cuenta con asas amplias y estructura dise\u00f1ada para acompa\u00f1arte en tu d\u00eda a d\u00eda con confort y actitud: ya sea rumbo a la playa, al campo o en ciudad. Un accesorio que fusiona la esencia del caballo frison con la est\u00e9tica contempor\u00e1nea de la isla, pensado para quienes valoran dise\u00f1o, calidad y filosof\u00eda.<\/p>","protected":false},"featured_media":755,"comment_status":"open","ping_status":"closed","template":"","meta":[],"product_brand":[],"product_cat":[17],"product_tag":[],"class_list":{"0":"post-754","1":"product","2":"type-product","3":"status-publish","4":"has-post-thumbnail","6":"product_cat-sin-categorizar","8":"first","9":"instock","10":"taxable","11":"shipping-taxable","12":"purchasable","13":"product-type-simple"},"yoast_head":"<!-- This site is optimized with the Yoast SEO plugin v26.2 - https:\/\/yoast.com\/wordpress\/plugins\/seo\/ -->\n<title>Bolsa THOR Menorca \u201cHeritage Tote \u2013 Vintage Black\/Verde\u201d - thormenorca.klicma.com<\/title>\n<meta name=\"robots\" content=\"index, follow, max-snippet:-1, max-image-preview:large, max-video-preview:-1\" \/>\n<link rel=\"canonical\" href=\"https:\/\/thormenorca.klicma.com\/en\/product\/bolsa-con-el-logo-de-thor-green\/\" \/>\n<meta property=\"og:locale\" content=\"en_US\" \/>\n<meta property=\"og:type\" content=\"article\" \/>\n<meta property=\"og:title\" content=\"Bolsa THOR Menorca \u201cHeritage Tote \u2013 Vintage Black\/Verde\u201d - thormenorca.klicma.com\" \/>\n<meta property=\"og:description\" content=\"Elegancia y car\u00e1cter en una bolsa de tono oscuro con el logotipo verde distintivo de THOR Menorca. Su contraste crom\u00e1tico \u2014fondo negro profundo y emblema verde vivo\u2014 transmite fuerza, personalidad y estilo refinado. Fabricada con materiales responsables y duraderos, cuenta con asas amplias y estructura dise\u00f1ada para acompa\u00f1arte en tu d\u00eda a d\u00eda con confort y actitud: ya sea rumbo a la playa, al campo o en ciudad. Un accesorio que fusiona la esencia del caballo frison con la est\u00e9tica contempor\u00e1nea de la isla, pensado para quienes valoran dise\u00f1o, calidad y filosof\u00eda.\" \/>\n<meta property=\"og:url\" content=\"https:\/\/thormenorca.klicma.com\/en\/product\/bolsa-con-el-logo-de-thor-green\/\" \/>\n<meta property=\"og:site_name\" content=\"thormenorca.klicma.com\" \/>\n<meta property=\"article:modified_time\" content=\"2025-10-30T17:54:20+00:00\" \/>\n<meta property=\"og:image\" content=\"https:\/\/thormenorca.klicma.com\/wp-content\/uploads\/2025\/10\/baggreen.png\" \/>\n\t<meta property=\"og:image:width\" content=\"1536\" \/>\n\t<meta property=\"og:image:height\" content=\"1024\" \/>\n\t<meta property=\"og:image:type\" content=\"image\/png\" \/>\n<meta name=\"twitter:card\" content=\"summary_large_image\" \/>\n<meta name=\"twitter:label1\" content=\"Est. reading time\" \/>\n\t<meta name=\"twitter:data1\" content=\"1 minute\" \/>\n<script type=\"application\/ld+json\" class=\"yoast-schema-graph\">{\"@context\":\"https:\/\/schema.org\",\"@graph\":[{\"@type\":\"WebPage\",\"@id\":\"https:\/\/thormenorca.klicma.com\/producto\/bolsa-con-el-logo-de-thor-green\/\",\"url\":\"https:\/\/thormenorca.klicma.com\/producto\/bolsa-con-el-logo-de-thor-green\/\",\"name\":\"Bolsa THOR Menorca \u201cHeritage Tote \u2013 Vintage Black\/Verde\u201d - thormenorca.klicma.com\",\"isPartOf\":{\"@id\":\"https:\/\/thormenorca.klicma.com\/#website\"},\"primaryImageOfPage\":{\"@id\":\"https:\/\/thormenorca.klicma.com\/producto\/bolsa-con-el-logo-de-thor-green\/#primaryimage\"},\"image\":{\"@id\":\"https:\/\/thormenorca.klicma.com\/producto\/bolsa-con-el-logo-de-thor-green\/#primaryimage\"},\"thumbnailUrl\":\"https:\/\/thormenorca.klicma.com\/wp-content\/uploads\/2025\/10\/baggreen.png\",\"datePublished\":\"2025-10-24T15:31:59+00:00\",\"dateModified\":\"2025-10-30T17:54:20+00:00\",\"breadcrumb\":{\"@id\":\"https:\/\/thormenorca.klicma.com\/producto\/bolsa-con-el-logo-de-thor-green\/#breadcrumb\"},\"inLanguage\":\"en-US\",\"potentialAction\":[{\"@type\":\"ReadAction\",\"target\":[\"https:\/\/thormenorca.klicma.com\/producto\/bolsa-con-el-logo-de-thor-green\/\"]}]},{\"@type\":\"ImageObject\",\"inLanguage\":\"en-US\",\"@id\":\"https:\/\/thormenorca.klicma.com\/producto\/bolsa-con-el-logo-de-thor-green\/#primaryimage\",\"url\":\"https:\/\/thormenorca.klicma.com\/wp-content\/uploads\/2025\/10\/baggreen.png\",\"contentUrl\":\"https:\/\/thormenorca.klicma.com\/wp-content\/uploads\/2025\/10\/baggreen.png\",\"width\":1536,\"height\":1024},{\"@type\":\"BreadcrumbList\",\"@id\":\"https:\/\/thormenorca.klicma.com\/producto\/bolsa-con-el-logo-de-thor-green\/#breadcrumb\",\"itemListElement\":[{\"@type\":\"ListItem\",\"position\":1,\"name\":\"Portada\",\"item\":\"https:\/\/thormenorca.klicma.com\/\"},{\"@type\":\"ListItem\",\"position\":2,\"name\":\"Tienda\",\"item\":\"https:\/\/thormenorca.klicma.com\/tienda\/\"},{\"@type\":\"ListItem\",\"position\":3,\"name\":\"Bolsa THOR Menorca \u201cHeritage Tote \u2013 Vintage Black\/Verde\u201d\"}]},{\"@type\":\"WebSite\",\"@id\":\"https:\/\/thormenorca.klicma.com\/#website\",\"url\":\"https:\/\/thormenorca.klicma.com\/\",\"name\":\"thormenorca.com\",\"description\":\"\",\"publisher\":{\"@id\":\"https:\/\/thormenorca.klicma.com\/#organization\"},\"potentialAction\":[{\"@type\":\"SearchAction\",\"target\":{\"@type\":\"EntryPoint\",\"urlTemplate\":\"https:\/\/thormenorca.klicma.com\/?s={search_term_string}\"},\"query-input\":{\"@type\":\"PropertyValueSpecification\",\"valueRequired\":true,\"valueName\":\"search_term_string\"}}],\"inLanguage\":\"en-US\"},{\"@type\":\"Organization\",\"@id\":\"https:\/\/thormenorca.klicma.com\/#organization\",\"name\":\"thormenorca\",\"url\":\"https:\/\/thormenorca.klicma.com\/\",\"logo\":{\"@type\":\"ImageObject\",\"inLanguage\":\"en-US\",\"@id\":\"https:\/\/thormenorca.klicma.com\/#\/schema\/logo\/image\/\",\"url\":\"https:\/\/thormenorca.klicma.com\/wp-content\/uploads\/2025\/06\/webIcon.png\",\"contentUrl\":\"https:\/\/thormenorca.klicma.com\/wp-content\/uploads\/2025\/06\/webIcon.png\",\"width\":320,\"height\":562,\"caption\":\"thormenorca\"},\"image\":{\"@id\":\"https:\/\/thormenorca.klicma.com\/#\/schema\/logo\/image\/\"},\"sameAs\":[\"https:\/\/www.instagram.com\/thormenorca\"]}]}<\/script>\n<!-- \/ Yoast SEO plugin. -->","yoast_head_json":{"title":"Bolsa THOR Menorca \u201cHeritage Tote \u2013 Vintage Black\/Verde\u201d - thormenorca.klicma.com","robots":{"index":"index","follow":"follow","max-snippet":"max-snippet:-1","max-image-preview":"max-image-preview:large","max-video-preview":"max-video-preview:-1"},"canonical":"https:\/\/thormenorca.klicma.com\/en\/product\/bolsa-con-el-logo-de-thor-green\/","og_locale":"en_US","og_type":"article","og_title":"Bolsa THOR Menorca \u201cHeritage Tote \u2013 Vintage Black\/Verde\u201d - thormenorca.klicma.com","og_description":"Elegancia y car\u00e1cter en una bolsa de tono oscuro con el logotipo verde distintivo de THOR Menorca. Su contraste crom\u00e1tico \u2014fondo negro profundo y emblema verde vivo\u2014 transmite fuerza, personalidad y estilo refinado. Fabricada con materiales responsables y duraderos, cuenta con asas amplias y estructura dise\u00f1ada para acompa\u00f1arte en tu d\u00eda a d\u00eda con confort y actitud: ya sea rumbo a la playa, al campo o en ciudad. Un accesorio que fusiona la esencia del caballo frison con la est\u00e9tica contempor\u00e1nea de la isla, pensado para quienes valoran dise\u00f1o, calidad y filosof\u00eda.","og_url":"https:\/\/thormenorca.klicma.com\/en\/product\/bolsa-con-el-logo-de-thor-green\/","og_site_name":"thormenorca.klicma.com","article_modified_time":"2025-10-30T17:54:20+00:00","og_image":[{"width":1536,"height":1024,"url":"https:\/\/thormenorca.klicma.com\/wp-content\/uploads\/2025\/10\/baggreen.png","type":"image\/png"}],"twitter_card":"summary_large_image","twitter_misc":{"Est. reading time":"1 minute"},"schema":{"@context":"https:\/\/schema.org","@graph":[{"@type":"WebPage","@id":"https:\/\/thormenorca.klicma.com\/producto\/bolsa-con-el-logo-de-thor-green\/","url":"https:\/\/thormenorca.klicma.com\/producto\/bolsa-con-el-logo-de-thor-green\/","name":"Bolsa THOR Menorca \u201cHeritage Tote \u2013 Vintage Black\/Verde\u201d - thormenorca.klicma.com","isPartOf":{"@id":"https:\/\/thormenorca.klicma.com\/#website"},"primaryImageOfPage":{"@id":"https:\/\/thormenorca.klicma.com\/producto\/bolsa-con-el-logo-de-thor-green\/#primaryimage"},"image":{"@id":"https:\/\/thormenorca.klicma.com\/producto\/bolsa-con-el-logo-de-thor-green\/#primaryimage"},"thumbnailUrl":"https:\/\/thormenorca.klicma.com\/wp-content\/uploads\/2025\/10\/baggreen.png","datePublished":"2025-10-24T15:31:59+00:00","dateModified":"2025-10-30T17:54:20+00:00","breadcrumb":{"@id":"https:\/\/thormenorca.klicma.com\/producto\/bolsa-con-el-logo-de-thor-green\/#breadcrumb"},"inLanguage":"en-US","potentialAction":[{"@type":"ReadAction","target":["https:\/\/thormenorca.klicma.com\/producto\/bolsa-con-el-logo-de-thor-green\/"]}]},{"@type":"ImageObject","inLanguage":"en-US","@id":"https:\/\/thormenorca.klicma.com\/producto\/bolsa-con-el-logo-de-thor-green\/#primaryimage","url":"https:\/\/thormenorca.klicma.com\/wp-content\/uploads\/2025\/10\/baggreen.png","contentUrl":"https:\/\/thormenorca.klicma.com\/wp-content\/uploads\/2025\/10\/baggreen.png","width":1536,"height":1024},{"@type":"BreadcrumbList","@id":"https:\/\/thormenorca.klicma.com\/producto\/bolsa-con-el-logo-de-thor-green\/#breadcrumb","itemListElement":[{"@type":"ListItem","position":1,"name":"Portada","item":"https:\/\/thormenorca.klicma.com\/"},{"@type":"ListItem","position":2,"name":"Tienda","item":"https:\/\/thormenorca.klicma.com\/tienda\/"},{"@type":"ListItem","position":3,"name":"Bolsa THOR Menorca \u201cHeritage Tote \u2013 Vintage Black\/Verde\u201d"}]},{"@type":"WebSite","@id":"https:\/\/thormenorca.klicma.com\/#website","url":"https:\/\/thormenorca.klicma.com\/","name":"thormenorca.com","description":"","publisher":{"@id":"https:\/\/thormenorca.klicma.com\/#organization"},"potentialAction":[{"@type":"SearchAction","target":{"@type":"EntryPoint","urlTemplate":"https:\/\/thormenorca.klicma.com\/?s={search_term_string}"},"query-input":{"@type":"PropertyValueSpecification","valueRequired":true,"valueName":"search_term_string"}}],"inLanguage":"en-US"},{"@type":"Organization","@id":"https:\/\/thormenorca.klicma.com\/#organization","name":"thormenorca","url":"https:\/\/thormenorca.klicma.com\/","logo":{"@type":"ImageObject","inLanguage":"en-US","@id":"https:\/\/thormenorca.klicma.com\/#\/schema\/logo\/image\/","url":"https:\/\/thormenorca.klicma.com\/wp-content\/uploads\/2025\/06\/webIcon.png","contentUrl":"https:\/\/thormenorca.klicma.com\/wp-content\/uploads\/2025\/06\/webIcon.png","width":320,"height":562,"caption":"thormenorca"},"image":{"@id":"https:\/\/thormenorca.klicma.com\/#\/schema\/logo\/image\/"},"sameAs":["https:\/\/www.instagram.com\/thormenorca"]}]}},"_links":{"self":[{"href":"https:\/\/thormenorca.klicma.com\/en\/wp-json\/wp\/v2\/product\/754","targetHints":{"allow":["GET"]}}],"collection":[{"href":"https:\/\/thormenorca.klicma.com\/en\/wp-json\/wp\/v2\/product"}],"about":[{"href":"https:\/\/thormenorca.klicma.com\/en\/wp-json\/wp\/v2\/types\/product"}],"replies":[{"embeddable":true,"href":"https:\/\/thormenorca.klicma.com\/en\/wp-json\/wp\/v2\/comments?post=754"}],"wp:featuredmedia":[{"embeddable":true,"href":"https:\/\/thormenorca.klicma.com\/en\/wp-json\/wp\/v2\/media\/755"}],"wp:attachment":[{"href":"https:\/\/thormenorca.klicma.com\/en\/wp-json\/wp\/v2\/media?parent=754"}],"wp:term":[{"taxonomy":"product_brand","embeddable":true,"href":"https:\/\/thormenorca.klicma.com\/en\/wp-json\/wp\/v2\/product_brand?post=754"},{"taxonomy":"product_cat","embeddable":true,"href":"https:\/\/thormenorca.klicma.com\/en\/wp-json\/wp\/v2\/product_cat?post=754"},{"taxonomy":"product_tag","embeddable":true,"href":"https:\/\/thormenorca.klicma.com\/en\/wp-json\/wp\/v2\/product_tag?post=754"}],"curies":[{"name":"wp","href":"https:\/\/api.w.org\/{rel}","templated":true}]}}