{"id":377,"date":"2025-08-05T15:50:52","date_gmt":"2025-08-05T15:50:52","guid":{"rendered":"https:\/\/moccasin-pony-890405.hostingersite.com\/?post_type=product&#038;p=377"},"modified":"2025-10-30T17:17:46","modified_gmt":"2025-10-30T17:17:46","slug":"hoodie-eco-thor","status":"publish","type":"product","link":"https:\/\/thormenorca.klicma.com\/en\/product\/hoodie-eco-thor\/","title":{"rendered":"THOR Menorca \u201cSand Stone\u201d Hoodie \u2013 Black Logo"},"content":{"rendered":"<p data-start=\"126\" data-end=\"405\">Inspirada en los tonos suaves de la costa menorquina, esta sudadera en un tono marfil\/crema combina a la perfecci\u00f3n con el logotipo negro de THOR. Es una pieza que transmite equilibrio: la calidez del color claro junto a la fuerza del detalle oscuro. Confeccionada con los mismos materiales sostenibles del resto de la colecci\u00f3n, re\u00fane comodidad, estilo y durabilidad. Su dise\u00f1o limpio permite combinarla f\u00e1cilmente con distintos looks: desde un paseo por la playa al atardecer hasta una salida casual por la ciudad. Representa una opci\u00f3n vers\u00e1til para quienes quieren un estilo relajado, aut\u00e9ntico y de alto nivel.<\/p>","protected":false},"excerpt":{"rendered":"<p>Inspirada en los tonos suaves de la costa menorquina, esta sudadera en un tono marfil\/crema combina a la perfecci\u00f3n con el logotipo negro de THOR. Es una pieza que transmite equilibrio: la calidez del color claro junto a la fuerza del detalle oscuro. Confeccionada con los mismos materiales sostenibles del resto de la colecci\u00f3n, re\u00fane comodidad, estilo y durabilidad. Su dise\u00f1o limpio permite combinarla f\u00e1cilmente con distintos looks: desde un paseo por la playa al atardecer hasta una salida casual por la ciudad. Representa una opci\u00f3n vers\u00e1til para quienes quieren un estilo relajado, aut\u00e9ntico y de alto nivel.<\/p>","protected":false},"featured_media":379,"comment_status":"open","ping_status":"closed","template":"","meta":[],"product_brand":[],"product_cat":[19],"product_tag":[],"class_list":{"0":"post-377","1":"product","2":"type-product","3":"status-publish","4":"has-post-thumbnail","6":"product_cat-textil","8":"first","9":"instock","10":"taxable","11":"shipping-taxable","12":"purchasable","13":"product-type-variable"},"yoast_head":"<!-- This site is optimized with the Yoast SEO plugin v26.2 - https:\/\/yoast.com\/wordpress\/plugins\/seo\/ -->\n<title>Sudadera THOR Menorca \u201cSand Stone\u201d \u2013 Logo Negro - thormenorca.klicma.com<\/title>\n<meta name=\"robots\" content=\"index, follow, max-snippet:-1, max-image-preview:large, max-video-preview:-1\" \/>\n<link rel=\"canonical\" href=\"https:\/\/thormenorca.klicma.com\/en\/product\/hoodie-eco-thor\/\" \/>\n<meta property=\"og:locale\" content=\"en_US\" \/>\n<meta property=\"og:type\" content=\"article\" \/>\n<meta property=\"og:title\" content=\"Sudadera THOR Menorca \u201cSand Stone\u201d \u2013 Logo Negro - thormenorca.klicma.com\" \/>\n<meta property=\"og:description\" content=\"Inspirada en los tonos suaves de la costa menorquina, esta sudadera en un tono marfil\/crema combina a la perfecci\u00f3n con el logotipo negro de THOR. Es una pieza que transmite equilibrio: la calidez del color claro junto a la fuerza del detalle oscuro. Confeccionada con los mismos materiales sostenibles del resto de la colecci\u00f3n, re\u00fane comodidad, estilo y durabilidad. Su dise\u00f1o limpio permite combinarla f\u00e1cilmente con distintos looks: desde un paseo por la playa al atardecer hasta una salida casual por la ciudad. Representa una opci\u00f3n vers\u00e1til para quienes quieren un estilo relajado, aut\u00e9ntico y de alto nivel.\" \/>\n<meta property=\"og:url\" content=\"https:\/\/thormenorca.klicma.com\/en\/product\/hoodie-eco-thor\/\" \/>\n<meta property=\"og:site_name\" content=\"thormenorca.klicma.com\" \/>\n<meta property=\"article:modified_time\" content=\"2025-10-30T17:17:46+00:00\" \/>\n<meta property=\"og:image\" content=\"https:\/\/thormenorca.klicma.com\/wp-content\/uploads\/2025\/08\/Sweatshirt_THOR-3-scaled.jpg\" \/>\n\t<meta property=\"og:image:width\" content=\"2560\" \/>\n\t<meta property=\"og:image:height\" content=\"1707\" \/>\n\t<meta property=\"og:image:type\" content=\"image\/jpeg\" \/>\n<meta name=\"twitter:card\" content=\"summary_large_image\" \/>\n<meta name=\"twitter:label1\" content=\"Est. reading time\" \/>\n\t<meta name=\"twitter:data1\" content=\"1 minute\" \/>\n<script type=\"application\/ld+json\" class=\"yoast-schema-graph\">{\"@context\":\"https:\/\/schema.org\",\"@graph\":[{\"@type\":\"WebPage\",\"@id\":\"https:\/\/thormenorca.klicma.com\/producto\/hoodie-eco-thor\/\",\"url\":\"https:\/\/thormenorca.klicma.com\/producto\/hoodie-eco-thor\/\",\"name\":\"Sudadera THOR Menorca \u201cSand Stone\u201d \u2013 Logo Negro - thormenorca.klicma.com\",\"isPartOf\":{\"@id\":\"https:\/\/thormenorca.klicma.com\/#website\"},\"primaryImageOfPage\":{\"@id\":\"https:\/\/thormenorca.klicma.com\/producto\/hoodie-eco-thor\/#primaryimage\"},\"image\":{\"@id\":\"https:\/\/thormenorca.klicma.com\/producto\/hoodie-eco-thor\/#primaryimage\"},\"thumbnailUrl\":\"https:\/\/thormenorca.klicma.com\/wp-content\/uploads\/2025\/08\/Sweatshirt_THOR-3-scaled.jpg\",\"datePublished\":\"2025-08-05T15:50:52+00:00\",\"dateModified\":\"2025-10-30T17:17:46+00:00\",\"breadcrumb\":{\"@id\":\"https:\/\/thormenorca.klicma.com\/producto\/hoodie-eco-thor\/#breadcrumb\"},\"inLanguage\":\"en-US\",\"potentialAction\":[{\"@type\":\"ReadAction\",\"target\":[\"https:\/\/thormenorca.klicma.com\/producto\/hoodie-eco-thor\/\"]}]},{\"@type\":\"ImageObject\",\"inLanguage\":\"en-US\",\"@id\":\"https:\/\/thormenorca.klicma.com\/producto\/hoodie-eco-thor\/#primaryimage\",\"url\":\"https:\/\/thormenorca.klicma.com\/wp-content\/uploads\/2025\/08\/Sweatshirt_THOR-3-scaled.jpg\",\"contentUrl\":\"https:\/\/thormenorca.klicma.com\/wp-content\/uploads\/2025\/08\/Sweatshirt_THOR-3-scaled.jpg\",\"width\":2560,\"height\":1707},{\"@type\":\"BreadcrumbList\",\"@id\":\"https:\/\/thormenorca.klicma.com\/producto\/hoodie-eco-thor\/#breadcrumb\",\"itemListElement\":[{\"@type\":\"ListItem\",\"position\":1,\"name\":\"Portada\",\"item\":\"https:\/\/thormenorca.klicma.com\/\"},{\"@type\":\"ListItem\",\"position\":2,\"name\":\"Tienda\",\"item\":\"https:\/\/thormenorca.klicma.com\/tienda\/\"},{\"@type\":\"ListItem\",\"position\":3,\"name\":\"Sudadera THOR Menorca \u201cSand Stone\u201d \u2013 Logo Negro\"}]},{\"@type\":\"WebSite\",\"@id\":\"https:\/\/thormenorca.klicma.com\/#website\",\"url\":\"https:\/\/thormenorca.klicma.com\/\",\"name\":\"thormenorca.com\",\"description\":\"\",\"publisher\":{\"@id\":\"https:\/\/thormenorca.klicma.com\/#organization\"},\"potentialAction\":[{\"@type\":\"SearchAction\",\"target\":{\"@type\":\"EntryPoint\",\"urlTemplate\":\"https:\/\/thormenorca.klicma.com\/?s={search_term_string}\"},\"query-input\":{\"@type\":\"PropertyValueSpecification\",\"valueRequired\":true,\"valueName\":\"search_term_string\"}}],\"inLanguage\":\"en-US\"},{\"@type\":\"Organization\",\"@id\":\"https:\/\/thormenorca.klicma.com\/#organization\",\"name\":\"thormenorca\",\"url\":\"https:\/\/thormenorca.klicma.com\/\",\"logo\":{\"@type\":\"ImageObject\",\"inLanguage\":\"en-US\",\"@id\":\"https:\/\/thormenorca.klicma.com\/#\/schema\/logo\/image\/\",\"url\":\"https:\/\/thormenorca.klicma.com\/wp-content\/uploads\/2025\/06\/webIcon.png\",\"contentUrl\":\"https:\/\/thormenorca.klicma.com\/wp-content\/uploads\/2025\/06\/webIcon.png\",\"width\":320,\"height\":562,\"caption\":\"thormenorca\"},\"image\":{\"@id\":\"https:\/\/thormenorca.klicma.com\/#\/schema\/logo\/image\/\"},\"sameAs\":[\"https:\/\/www.instagram.com\/thormenorca\"]}]}<\/script>\n<!-- \/ Yoast SEO plugin. -->","yoast_head_json":{"title":"Sudadera THOR Menorca \u201cSand Stone\u201d \u2013 Logo Negro - thormenorca.klicma.com","robots":{"index":"index","follow":"follow","max-snippet":"max-snippet:-1","max-image-preview":"max-image-preview:large","max-video-preview":"max-video-preview:-1"},"canonical":"https:\/\/thormenorca.klicma.com\/en\/product\/hoodie-eco-thor\/","og_locale":"en_US","og_type":"article","og_title":"Sudadera THOR Menorca \u201cSand Stone\u201d \u2013 Logo Negro - thormenorca.klicma.com","og_description":"Inspirada en los tonos suaves de la costa menorquina, esta sudadera en un tono marfil\/crema combina a la perfecci\u00f3n con el logotipo negro de THOR. Es una pieza que transmite equilibrio: la calidez del color claro junto a la fuerza del detalle oscuro. Confeccionada con los mismos materiales sostenibles del resto de la colecci\u00f3n, re\u00fane comodidad, estilo y durabilidad. Su dise\u00f1o limpio permite combinarla f\u00e1cilmente con distintos looks: desde un paseo por la playa al atardecer hasta una salida casual por la ciudad. Representa una opci\u00f3n vers\u00e1til para quienes quieren un estilo relajado, aut\u00e9ntico y de alto nivel.","og_url":"https:\/\/thormenorca.klicma.com\/en\/product\/hoodie-eco-thor\/","og_site_name":"thormenorca.klicma.com","article_modified_time":"2025-10-30T17:17:46+00:00","og_image":[{"width":2560,"height":1707,"url":"https:\/\/thormenorca.klicma.com\/wp-content\/uploads\/2025\/08\/Sweatshirt_THOR-3-scaled.jpg","type":"image\/jpeg"}],"twitter_card":"summary_large_image","twitter_misc":{"Est. reading time":"1 minute"},"schema":{"@context":"https:\/\/schema.org","@graph":[{"@type":"WebPage","@id":"https:\/\/thormenorca.klicma.com\/producto\/hoodie-eco-thor\/","url":"https:\/\/thormenorca.klicma.com\/producto\/hoodie-eco-thor\/","name":"Sudadera THOR Menorca \u201cSand Stone\u201d \u2013 Logo Negro - thormenorca.klicma.com","isPartOf":{"@id":"https:\/\/thormenorca.klicma.com\/#website"},"primaryImageOfPage":{"@id":"https:\/\/thormenorca.klicma.com\/producto\/hoodie-eco-thor\/#primaryimage"},"image":{"@id":"https:\/\/thormenorca.klicma.com\/producto\/hoodie-eco-thor\/#primaryimage"},"thumbnailUrl":"https:\/\/thormenorca.klicma.com\/wp-content\/uploads\/2025\/08\/Sweatshirt_THOR-3-scaled.jpg","datePublished":"2025-08-05T15:50:52+00:00","dateModified":"2025-10-30T17:17:46+00:00","breadcrumb":{"@id":"https:\/\/thormenorca.klicma.com\/producto\/hoodie-eco-thor\/#breadcrumb"},"inLanguage":"en-US","potentialAction":[{"@type":"ReadAction","target":["https:\/\/thormenorca.klicma.com\/producto\/hoodie-eco-thor\/"]}]},{"@type":"ImageObject","inLanguage":"en-US","@id":"https:\/\/thormenorca.klicma.com\/producto\/hoodie-eco-thor\/#primaryimage","url":"https:\/\/thormenorca.klicma.com\/wp-content\/uploads\/2025\/08\/Sweatshirt_THOR-3-scaled.jpg","contentUrl":"https:\/\/thormenorca.klicma.com\/wp-content\/uploads\/2025\/08\/Sweatshirt_THOR-3-scaled.jpg","width":2560,"height":1707},{"@type":"BreadcrumbList","@id":"https:\/\/thormenorca.klicma.com\/producto\/hoodie-eco-thor\/#breadcrumb","itemListElement":[{"@type":"ListItem","position":1,"name":"Portada","item":"https:\/\/thormenorca.klicma.com\/"},{"@type":"ListItem","position":2,"name":"Tienda","item":"https:\/\/thormenorca.klicma.com\/tienda\/"},{"@type":"ListItem","position":3,"name":"Sudadera THOR Menorca \u201cSand Stone\u201d \u2013 Logo Negro"}]},{"@type":"WebSite","@id":"https:\/\/thormenorca.klicma.com\/#website","url":"https:\/\/thormenorca.klicma.com\/","name":"thormenorca.com","description":"","publisher":{"@id":"https:\/\/thormenorca.klicma.com\/#organization"},"potentialAction":[{"@type":"SearchAction","target":{"@type":"EntryPoint","urlTemplate":"https:\/\/thormenorca.klicma.com\/?s={search_term_string}"},"query-input":{"@type":"PropertyValueSpecification","valueRequired":true,"valueName":"search_term_string"}}],"inLanguage":"en-US"},{"@type":"Organization","@id":"https:\/\/thormenorca.klicma.com\/#organization","name":"thormenorca","url":"https:\/\/thormenorca.klicma.com\/","logo":{"@type":"ImageObject","inLanguage":"en-US","@id":"https:\/\/thormenorca.klicma.com\/#\/schema\/logo\/image\/","url":"https:\/\/thormenorca.klicma.com\/wp-content\/uploads\/2025\/06\/webIcon.png","contentUrl":"https:\/\/thormenorca.klicma.com\/wp-content\/uploads\/2025\/06\/webIcon.png","width":320,"height":562,"caption":"thormenorca"},"image":{"@id":"https:\/\/thormenorca.klicma.com\/#\/schema\/logo\/image\/"},"sameAs":["https:\/\/www.instagram.com\/thormenorca"]}]}},"_links":{"self":[{"href":"https:\/\/thormenorca.klicma.com\/en\/wp-json\/wp\/v2\/product\/377","targetHints":{"allow":["GET"]}}],"collection":[{"href":"https:\/\/thormenorca.klicma.com\/en\/wp-json\/wp\/v2\/product"}],"about":[{"href":"https:\/\/thormenorca.klicma.com\/en\/wp-json\/wp\/v2\/types\/product"}],"replies":[{"embeddable":true,"href":"https:\/\/thormenorca.klicma.com\/en\/wp-json\/wp\/v2\/comments?post=377"}],"wp:featuredmedia":[{"embeddable":true,"href":"https:\/\/thormenorca.klicma.com\/en\/wp-json\/wp\/v2\/media\/379"}],"wp:attachment":[{"href":"https:\/\/thormenorca.klicma.com\/en\/wp-json\/wp\/v2\/media?parent=377"}],"wp:term":[{"taxonomy":"product_brand","embeddable":true,"href":"https:\/\/thormenorca.klicma.com\/en\/wp-json\/wp\/v2\/product_brand?post=377"},{"taxonomy":"product_cat","embeddable":true,"href":"https:\/\/thormenorca.klicma.com\/en\/wp-json\/wp\/v2\/product_cat?post=377"},{"taxonomy":"product_tag","embeddable":true,"href":"https:\/\/thormenorca.klicma.com\/en\/wp-json\/wp\/v2\/product_tag?post=377"}],"curies":[{"name":"wp","href":"https:\/\/api.w.org\/{rel}","templated":true}]}}