{"id":363,"date":"2025-08-04T10:20:42","date_gmt":"2025-08-04T10:20:42","guid":{"rendered":"https:\/\/thormenorca.klicma.com\/?post_type=product&#038;p=363"},"modified":"2025-10-30T19:06:00","modified_gmt":"2025-10-30T19:06:00","slug":"champu-biotina","status":"publish","type":"product","link":"https:\/\/thormenorca.klicma.com\/en\/product\/champu-biotina\/","title":{"rendered":"THOR Menorca \u201cBiotin Boost\u201d Shampoo"},"content":{"rendered":"<h4>MODO DE USO Y APLICACI\u00d3N<\/h4>\n<p class=\"p1\">Humedecer el cuerpo del caballo con abundante agua tibia. Aplicar el champ\u00fa enjabonando el cuello, la crin, grupa, el lomo y la cola. Masajear circularmente hasta conseguir una abundante y cremosa espuma, dejar actuar unos instantes.\u00a0 Aclarar y cepillar.<\/p>\n<h4>COMPOSICI\u00d3N<\/h4>\n<p class=\"p1\">Aqua, Sodium Laureth Sulfate, Polyquaternium 7, Cocamide DEA, Cocamidopropylbetaine, Sodium Chloride, Chloromethylisothiazolinone, Methylisothiazolinone, Tetrasodium EDTA, Biotin, aloe barbadensis leaf juice.<\/p>\n<p class=\"p1\">*15% ingredientes biol\u00f3gicos..<\/p>\n<p><strong>VENTAJAS<\/strong><\/p>\n<ul>\n<li class=\"p1\">BIO<\/li>\n<li class=\"p1\">0% parabenos, siliconas y colorantes<\/li>\n<li class=\"p1\">pH adaptado: uso frecuente<\/li>\n<li class=\"p1\">F\u00f3rmula concentrada<\/li>\n<li class=\"p1\">Con Biotina (vitamina b7)<\/li>\n<li class=\"p1\">Proporciona suavidad en el pelaje<\/li>\n<li class=\"p1\">Fortalece, abrillanta y protege el pelaje<\/li>\n<li class=\"p1\">Tensioactivos muy suaves.<\/li>\n<\/ul>","protected":false},"excerpt":{"rendered":"<p class=\"p1\">Champ\u00fa de m\u00e1xima calidad para caballos sin colorantes ni perfume. Contiene BIOTINA o vitamina B7, que fortalece, abrillanta y protege el pelaje, mejora la calidad de las estructuras de queratina, y regenera y refuerza las ra\u00edces capilares.<\/p>\n<p class=\"p1\">Este champ\u00fa evita los problemas de piel seca y elimina el exceso de grasa del pelaje. La utilizaci\u00f3n frecuente de este champ\u00fa consigue un aspecto suave y sedoso de la crin y la cola del caballo y garantiza unos resultados espectaculares.<\/p>\n<p class=\"p1\">Por su composici\u00f3n suave y su pH adaptado a la piel del caballo se puede emplear frecuentemente en todo tipo de razas de caballos.<\/p>","protected":false},"featured_media":364,"comment_status":"open","ping_status":"closed","template":"","meta":[],"product_brand":[],"product_cat":[18],"product_tag":[],"class_list":{"0":"post-363","1":"product","2":"type-product","3":"status-publish","4":"has-post-thumbnail","6":"product_cat-cosmetica","8":"first","9":"instock","10":"taxable","11":"shipping-taxable","12":"purchasable","13":"product-type-simple"},"yoast_head":"<!-- This site is optimized with the Yoast SEO plugin v26.2 - https:\/\/yoast.com\/wordpress\/plugins\/seo\/ -->\n<title>Champ\u00fa THOR Menorca \u201cBiotina Boost\u201d - thormenorca.klicma.com<\/title>\n<meta name=\"robots\" content=\"index, follow, max-snippet:-1, max-image-preview:large, max-video-preview:-1\" \/>\n<link rel=\"canonical\" href=\"https:\/\/thormenorca.klicma.com\/en\/product\/champu-biotina\/\" \/>\n<meta property=\"og:locale\" content=\"en_US\" \/>\n<meta property=\"og:type\" content=\"article\" \/>\n<meta property=\"og:title\" content=\"Champ\u00fa THOR Menorca \u201cBiotina Boost\u201d - thormenorca.klicma.com\" \/>\n<meta property=\"og:description\" content=\"Champ\u00fa de m\u00e1xima calidad para caballos sin colorantes ni perfume. Contiene BIOTINA o vitamina B7, que fortalece, abrillanta y protege el pelaje, mejora la calidad de las estructuras de queratina, y regenera y refuerza las ra\u00edces capilares. Este champ\u00fa evita los problemas de piel seca y elimina el exceso de grasa del pelaje. La utilizaci\u00f3n frecuente de este champ\u00fa consigue un aspecto suave y sedoso de la crin y la cola del caballo y garantiza unos resultados espectaculares. Por su composici\u00f3n suave y su pH adaptado a la piel del caballo se puede emplear frecuentemente en todo tipo de razas de caballos.\" \/>\n<meta property=\"og:url\" content=\"https:\/\/thormenorca.klicma.com\/en\/product\/champu-biotina\/\" \/>\n<meta property=\"og:site_name\" content=\"thormenorca.klicma.com\" \/>\n<meta property=\"article:modified_time\" content=\"2025-10-30T19:06:00+00:00\" \/>\n<meta property=\"og:image\" content=\"https:\/\/thormenorca.klicma.com\/wp-content\/uploads\/2025\/08\/COS_01.jpg\" \/>\n\t<meta property=\"og:image:width\" content=\"1181\" \/>\n\t<meta property=\"og:image:height\" content=\"1181\" \/>\n\t<meta property=\"og:image:type\" content=\"image\/jpeg\" \/>\n<meta name=\"twitter:card\" content=\"summary_large_image\" \/>\n<meta name=\"twitter:label1\" content=\"Est. reading time\" \/>\n\t<meta name=\"twitter:data1\" content=\"1 minute\" \/>\n<script type=\"application\/ld+json\" class=\"yoast-schema-graph\">{\"@context\":\"https:\/\/schema.org\",\"@graph\":[{\"@type\":\"WebPage\",\"@id\":\"https:\/\/thormenorca.klicma.com\/producto\/champu-biotina\/\",\"url\":\"https:\/\/thormenorca.klicma.com\/producto\/champu-biotina\/\",\"name\":\"Champ\u00fa THOR Menorca \u201cBiotina Boost\u201d - thormenorca.klicma.com\",\"isPartOf\":{\"@id\":\"https:\/\/thormenorca.klicma.com\/#website\"},\"primaryImageOfPage\":{\"@id\":\"https:\/\/thormenorca.klicma.com\/producto\/champu-biotina\/#primaryimage\"},\"image\":{\"@id\":\"https:\/\/thormenorca.klicma.com\/producto\/champu-biotina\/#primaryimage\"},\"thumbnailUrl\":\"https:\/\/thormenorca.klicma.com\/wp-content\/uploads\/2025\/08\/COS_01.jpg\",\"datePublished\":\"2025-08-04T10:20:42+00:00\",\"dateModified\":\"2025-10-30T19:06:00+00:00\",\"breadcrumb\":{\"@id\":\"https:\/\/thormenorca.klicma.com\/producto\/champu-biotina\/#breadcrumb\"},\"inLanguage\":\"en-US\",\"potentialAction\":[{\"@type\":\"ReadAction\",\"target\":[\"https:\/\/thormenorca.klicma.com\/producto\/champu-biotina\/\"]}]},{\"@type\":\"ImageObject\",\"inLanguage\":\"en-US\",\"@id\":\"https:\/\/thormenorca.klicma.com\/producto\/champu-biotina\/#primaryimage\",\"url\":\"https:\/\/thormenorca.klicma.com\/wp-content\/uploads\/2025\/08\/COS_01.jpg\",\"contentUrl\":\"https:\/\/thormenorca.klicma.com\/wp-content\/uploads\/2025\/08\/COS_01.jpg\",\"width\":1181,\"height\":1181},{\"@type\":\"BreadcrumbList\",\"@id\":\"https:\/\/thormenorca.klicma.com\/producto\/champu-biotina\/#breadcrumb\",\"itemListElement\":[{\"@type\":\"ListItem\",\"position\":1,\"name\":\"Portada\",\"item\":\"https:\/\/thormenorca.klicma.com\/\"},{\"@type\":\"ListItem\",\"position\":2,\"name\":\"Tienda\",\"item\":\"https:\/\/thormenorca.klicma.com\/tienda\/\"},{\"@type\":\"ListItem\",\"position\":3,\"name\":\"Champ\u00fa THOR Menorca \u201cBiotina Boost\u201d\"}]},{\"@type\":\"WebSite\",\"@id\":\"https:\/\/thormenorca.klicma.com\/#website\",\"url\":\"https:\/\/thormenorca.klicma.com\/\",\"name\":\"thormenorca.com\",\"description\":\"\",\"publisher\":{\"@id\":\"https:\/\/thormenorca.klicma.com\/#organization\"},\"potentialAction\":[{\"@type\":\"SearchAction\",\"target\":{\"@type\":\"EntryPoint\",\"urlTemplate\":\"https:\/\/thormenorca.klicma.com\/?s={search_term_string}\"},\"query-input\":{\"@type\":\"PropertyValueSpecification\",\"valueRequired\":true,\"valueName\":\"search_term_string\"}}],\"inLanguage\":\"en-US\"},{\"@type\":\"Organization\",\"@id\":\"https:\/\/thormenorca.klicma.com\/#organization\",\"name\":\"thormenorca\",\"url\":\"https:\/\/thormenorca.klicma.com\/\",\"logo\":{\"@type\":\"ImageObject\",\"inLanguage\":\"en-US\",\"@id\":\"https:\/\/thormenorca.klicma.com\/#\/schema\/logo\/image\/\",\"url\":\"https:\/\/thormenorca.klicma.com\/wp-content\/uploads\/2025\/06\/webIcon.png\",\"contentUrl\":\"https:\/\/thormenorca.klicma.com\/wp-content\/uploads\/2025\/06\/webIcon.png\",\"width\":320,\"height\":562,\"caption\":\"thormenorca\"},\"image\":{\"@id\":\"https:\/\/thormenorca.klicma.com\/#\/schema\/logo\/image\/\"},\"sameAs\":[\"https:\/\/www.instagram.com\/thormenorca\"]}]}<\/script>\n<!-- \/ Yoast SEO plugin. -->","yoast_head_json":{"title":"Champ\u00fa THOR Menorca \u201cBiotina Boost\u201d - thormenorca.klicma.com","robots":{"index":"index","follow":"follow","max-snippet":"max-snippet:-1","max-image-preview":"max-image-preview:large","max-video-preview":"max-video-preview:-1"},"canonical":"https:\/\/thormenorca.klicma.com\/en\/product\/champu-biotina\/","og_locale":"en_US","og_type":"article","og_title":"Champ\u00fa THOR Menorca \u201cBiotina Boost\u201d - thormenorca.klicma.com","og_description":"Champ\u00fa de m\u00e1xima calidad para caballos sin colorantes ni perfume. Contiene BIOTINA o vitamina B7, que fortalece, abrillanta y protege el pelaje, mejora la calidad de las estructuras de queratina, y regenera y refuerza las ra\u00edces capilares. Este champ\u00fa evita los problemas de piel seca y elimina el exceso de grasa del pelaje. La utilizaci\u00f3n frecuente de este champ\u00fa consigue un aspecto suave y sedoso de la crin y la cola del caballo y garantiza unos resultados espectaculares. Por su composici\u00f3n suave y su pH adaptado a la piel del caballo se puede emplear frecuentemente en todo tipo de razas de caballos.","og_url":"https:\/\/thormenorca.klicma.com\/en\/product\/champu-biotina\/","og_site_name":"thormenorca.klicma.com","article_modified_time":"2025-10-30T19:06:00+00:00","og_image":[{"width":1181,"height":1181,"url":"https:\/\/thormenorca.klicma.com\/wp-content\/uploads\/2025\/08\/COS_01.jpg","type":"image\/jpeg"}],"twitter_card":"summary_large_image","twitter_misc":{"Est. reading time":"1 minute"},"schema":{"@context":"https:\/\/schema.org","@graph":[{"@type":"WebPage","@id":"https:\/\/thormenorca.klicma.com\/producto\/champu-biotina\/","url":"https:\/\/thormenorca.klicma.com\/producto\/champu-biotina\/","name":"Champ\u00fa THOR Menorca \u201cBiotina Boost\u201d - thormenorca.klicma.com","isPartOf":{"@id":"https:\/\/thormenorca.klicma.com\/#website"},"primaryImageOfPage":{"@id":"https:\/\/thormenorca.klicma.com\/producto\/champu-biotina\/#primaryimage"},"image":{"@id":"https:\/\/thormenorca.klicma.com\/producto\/champu-biotina\/#primaryimage"},"thumbnailUrl":"https:\/\/thormenorca.klicma.com\/wp-content\/uploads\/2025\/08\/COS_01.jpg","datePublished":"2025-08-04T10:20:42+00:00","dateModified":"2025-10-30T19:06:00+00:00","breadcrumb":{"@id":"https:\/\/thormenorca.klicma.com\/producto\/champu-biotina\/#breadcrumb"},"inLanguage":"en-US","potentialAction":[{"@type":"ReadAction","target":["https:\/\/thormenorca.klicma.com\/producto\/champu-biotina\/"]}]},{"@type":"ImageObject","inLanguage":"en-US","@id":"https:\/\/thormenorca.klicma.com\/producto\/champu-biotina\/#primaryimage","url":"https:\/\/thormenorca.klicma.com\/wp-content\/uploads\/2025\/08\/COS_01.jpg","contentUrl":"https:\/\/thormenorca.klicma.com\/wp-content\/uploads\/2025\/08\/COS_01.jpg","width":1181,"height":1181},{"@type":"BreadcrumbList","@id":"https:\/\/thormenorca.klicma.com\/producto\/champu-biotina\/#breadcrumb","itemListElement":[{"@type":"ListItem","position":1,"name":"Portada","item":"https:\/\/thormenorca.klicma.com\/"},{"@type":"ListItem","position":2,"name":"Tienda","item":"https:\/\/thormenorca.klicma.com\/tienda\/"},{"@type":"ListItem","position":3,"name":"Champ\u00fa THOR Menorca \u201cBiotina Boost\u201d"}]},{"@type":"WebSite","@id":"https:\/\/thormenorca.klicma.com\/#website","url":"https:\/\/thormenorca.klicma.com\/","name":"thormenorca.com","description":"","publisher":{"@id":"https:\/\/thormenorca.klicma.com\/#organization"},"potentialAction":[{"@type":"SearchAction","target":{"@type":"EntryPoint","urlTemplate":"https:\/\/thormenorca.klicma.com\/?s={search_term_string}"},"query-input":{"@type":"PropertyValueSpecification","valueRequired":true,"valueName":"search_term_string"}}],"inLanguage":"en-US"},{"@type":"Organization","@id":"https:\/\/thormenorca.klicma.com\/#organization","name":"thormenorca","url":"https:\/\/thormenorca.klicma.com\/","logo":{"@type":"ImageObject","inLanguage":"en-US","@id":"https:\/\/thormenorca.klicma.com\/#\/schema\/logo\/image\/","url":"https:\/\/thormenorca.klicma.com\/wp-content\/uploads\/2025\/06\/webIcon.png","contentUrl":"https:\/\/thormenorca.klicma.com\/wp-content\/uploads\/2025\/06\/webIcon.png","width":320,"height":562,"caption":"thormenorca"},"image":{"@id":"https:\/\/thormenorca.klicma.com\/#\/schema\/logo\/image\/"},"sameAs":["https:\/\/www.instagram.com\/thormenorca"]}]}},"_links":{"self":[{"href":"https:\/\/thormenorca.klicma.com\/en\/wp-json\/wp\/v2\/product\/363","targetHints":{"allow":["GET"]}}],"collection":[{"href":"https:\/\/thormenorca.klicma.com\/en\/wp-json\/wp\/v2\/product"}],"about":[{"href":"https:\/\/thormenorca.klicma.com\/en\/wp-json\/wp\/v2\/types\/product"}],"replies":[{"embeddable":true,"href":"https:\/\/thormenorca.klicma.com\/en\/wp-json\/wp\/v2\/comments?post=363"}],"wp:featuredmedia":[{"embeddable":true,"href":"https:\/\/thormenorca.klicma.com\/en\/wp-json\/wp\/v2\/media\/364"}],"wp:attachment":[{"href":"https:\/\/thormenorca.klicma.com\/en\/wp-json\/wp\/v2\/media?parent=363"}],"wp:term":[{"taxonomy":"product_brand","embeddable":true,"href":"https:\/\/thormenorca.klicma.com\/en\/wp-json\/wp\/v2\/product_brand?post=363"},{"taxonomy":"product_cat","embeddable":true,"href":"https:\/\/thormenorca.klicma.com\/en\/wp-json\/wp\/v2\/product_cat?post=363"},{"taxonomy":"product_tag","embeddable":true,"href":"https:\/\/thormenorca.klicma.com\/en\/wp-json\/wp\/v2\/product_tag?post=363"}],"curies":[{"name":"wp","href":"https:\/\/api.w.org\/{rel}","templated":true}]}}