{"id":361,"date":"2025-08-04T10:18:45","date_gmt":"2025-08-04T10:18:45","guid":{"rendered":"https:\/\/thormenorca.klicma.com\/?post_type=product&#038;p=361"},"modified":"2025-10-30T19:06:16","modified_gmt":"2025-10-30T19:06:16","slug":"desenredante-abrillantador","status":"publish","type":"product","link":"https:\/\/thormenorca.klicma.com\/en\/product\/desenredante-abrillantador\/","title":{"rendered":"THOR Menorca \u201cSilky Mane\u201d Detangling and Shining Spray"},"content":{"rendered":"<h3>MODO DE USO Y APLICACI\u00d3N<\/h3>\n<p class=\"p1\">Aplicar el desenredante a 20 cm del pelaje a contrapelo en la zona de la crin y de la cola de tal manera que el pelaje quede h\u00famedo. A continuaci\u00f3n, cepillar en la misma direcci\u00f3n del pelo.<\/p>\n<h3>COMPOSICI\u00d3N<\/h3>\n<p class=\"p1\">Aqua, Aloe Barbadensis Leaf Juice*, PEG\/PPG-15\/15 Acetate Dimethicone, Propylene Glycol, Glycerin, PEG-12 Dimethicone, Trideceth-9, PEG-40 Hidrogenated Castor Oil, Panthenol, Parfum, Phenoxyethanol, Decylene glycol, Caprylyl Glycol, Biotin, Benzyl Alcohol, Linalool, Citronellol, Hexyl Cinnamal, Benzyl Salicylate, Amyl Cinnamal, Limonene, Geraniol, Alpha-Isomethyl Ionone, Coumarin. *Ingredientes procedentes de agricultura biol\u00f3gica.<\/p>\n<p class=\"p1\">15% ingredientes biol\u00f3gicos.<\/p>\n<h3 class=\"p1\">VENTAJAS<\/h3>\n<ul>\n<li class=\"p1\">BIO.<\/li>\n<li class=\"p1\">0% parabenos y colorantes.<\/li>\n<li class=\"p1\">pH adaptado: uso frecuente.<\/li>\n<li class=\"p1\">Con pantenol.<\/li>\n<li class=\"p1\">Repele la suciedad.<\/li>\n<li class=\"p1\">Facilita el cepillado.<\/li>\n<li class=\"p1\">Incrementa el brillo natural.<\/li>\n<\/ul>","protected":false},"excerpt":{"rendered":"<p>Especial para las zonas de mucho pelaje como la crin y la cola. Sus ingredientes incrementan el brillo natural y dejan el pelaje sedoso y sin nudos facilitando el cepillado y reduciendo la electricidad est\u00e1tica. Repele la suciedad y el polvo reduciendo el tiempo de cepillado y de mantenimiento de estas zonas.<\/p>","protected":false},"featured_media":362,"comment_status":"open","ping_status":"closed","template":"","meta":[],"product_brand":[],"product_cat":[18],"product_tag":[],"class_list":{"0":"post-361","1":"product","2":"type-product","3":"status-publish","4":"has-post-thumbnail","6":"product_cat-cosmetica","8":"first","9":"instock","10":"taxable","11":"shipping-taxable","12":"purchasable","13":"product-type-simple"},"yoast_head":"<!-- This site is optimized with the Yoast SEO plugin v26.2 - https:\/\/yoast.com\/wordpress\/plugins\/seo\/ -->\n<title>Desenredante Abrillantador THOR Menorca \u201cSilky Mane\u201d - thormenorca.klicma.com<\/title>\n<meta name=\"robots\" content=\"index, follow, max-snippet:-1, max-image-preview:large, max-video-preview:-1\" \/>\n<link rel=\"canonical\" href=\"https:\/\/thormenorca.klicma.com\/en\/product\/desenredante-abrillantador\/\" \/>\n<meta property=\"og:locale\" content=\"en_US\" \/>\n<meta property=\"og:type\" content=\"article\" \/>\n<meta property=\"og:title\" content=\"Desenredante Abrillantador THOR Menorca \u201cSilky Mane\u201d - thormenorca.klicma.com\" \/>\n<meta property=\"og:description\" content=\"Especial para las zonas de mucho pelaje como la crin y la cola. Sus ingredientes incrementan el brillo natural y dejan el pelaje sedoso y sin nudos facilitando el cepillado y reduciendo la electricidad est\u00e1tica. Repele la suciedad y el polvo reduciendo el tiempo de cepillado y de mantenimiento de estas zonas.\" \/>\n<meta property=\"og:url\" content=\"https:\/\/thormenorca.klicma.com\/en\/product\/desenredante-abrillantador\/\" \/>\n<meta property=\"og:site_name\" content=\"thormenorca.klicma.com\" \/>\n<meta property=\"article:modified_time\" content=\"2025-10-30T19:06:16+00:00\" \/>\n<meta property=\"og:image\" content=\"https:\/\/thormenorca.klicma.com\/wp-content\/uploads\/2025\/08\/COS_03.jpg\" \/>\n\t<meta property=\"og:image:width\" content=\"1181\" \/>\n\t<meta property=\"og:image:height\" content=\"1181\" \/>\n\t<meta property=\"og:image:type\" content=\"image\/jpeg\" \/>\n<meta name=\"twitter:card\" content=\"summary_large_image\" \/>\n<meta name=\"twitter:label1\" content=\"Est. reading time\" \/>\n\t<meta name=\"twitter:data1\" content=\"1 minute\" \/>\n<script type=\"application\/ld+json\" class=\"yoast-schema-graph\">{\"@context\":\"https:\/\/schema.org\",\"@graph\":[{\"@type\":\"WebPage\",\"@id\":\"https:\/\/thormenorca.klicma.com\/producto\/desenredante-abrillantador\/\",\"url\":\"https:\/\/thormenorca.klicma.com\/producto\/desenredante-abrillantador\/\",\"name\":\"Desenredante Abrillantador THOR Menorca \u201cSilky Mane\u201d - thormenorca.klicma.com\",\"isPartOf\":{\"@id\":\"https:\/\/thormenorca.klicma.com\/#website\"},\"primaryImageOfPage\":{\"@id\":\"https:\/\/thormenorca.klicma.com\/producto\/desenredante-abrillantador\/#primaryimage\"},\"image\":{\"@id\":\"https:\/\/thormenorca.klicma.com\/producto\/desenredante-abrillantador\/#primaryimage\"},\"thumbnailUrl\":\"https:\/\/thormenorca.klicma.com\/wp-content\/uploads\/2025\/08\/COS_03.jpg\",\"datePublished\":\"2025-08-04T10:18:45+00:00\",\"dateModified\":\"2025-10-30T19:06:16+00:00\",\"breadcrumb\":{\"@id\":\"https:\/\/thormenorca.klicma.com\/producto\/desenredante-abrillantador\/#breadcrumb\"},\"inLanguage\":\"en-US\",\"potentialAction\":[{\"@type\":\"ReadAction\",\"target\":[\"https:\/\/thormenorca.klicma.com\/producto\/desenredante-abrillantador\/\"]}]},{\"@type\":\"ImageObject\",\"inLanguage\":\"en-US\",\"@id\":\"https:\/\/thormenorca.klicma.com\/producto\/desenredante-abrillantador\/#primaryimage\",\"url\":\"https:\/\/thormenorca.klicma.com\/wp-content\/uploads\/2025\/08\/COS_03.jpg\",\"contentUrl\":\"https:\/\/thormenorca.klicma.com\/wp-content\/uploads\/2025\/08\/COS_03.jpg\",\"width\":1181,\"height\":1181},{\"@type\":\"BreadcrumbList\",\"@id\":\"https:\/\/thormenorca.klicma.com\/producto\/desenredante-abrillantador\/#breadcrumb\",\"itemListElement\":[{\"@type\":\"ListItem\",\"position\":1,\"name\":\"Portada\",\"item\":\"https:\/\/thormenorca.klicma.com\/\"},{\"@type\":\"ListItem\",\"position\":2,\"name\":\"Tienda\",\"item\":\"https:\/\/thormenorca.klicma.com\/tienda\/\"},{\"@type\":\"ListItem\",\"position\":3,\"name\":\"Desenredante Abrillantador THOR Menorca \u201cSilky Mane\u201d\"}]},{\"@type\":\"WebSite\",\"@id\":\"https:\/\/thormenorca.klicma.com\/#website\",\"url\":\"https:\/\/thormenorca.klicma.com\/\",\"name\":\"thormenorca.com\",\"description\":\"\",\"publisher\":{\"@id\":\"https:\/\/thormenorca.klicma.com\/#organization\"},\"potentialAction\":[{\"@type\":\"SearchAction\",\"target\":{\"@type\":\"EntryPoint\",\"urlTemplate\":\"https:\/\/thormenorca.klicma.com\/?s={search_term_string}\"},\"query-input\":{\"@type\":\"PropertyValueSpecification\",\"valueRequired\":true,\"valueName\":\"search_term_string\"}}],\"inLanguage\":\"en-US\"},{\"@type\":\"Organization\",\"@id\":\"https:\/\/thormenorca.klicma.com\/#organization\",\"name\":\"thormenorca\",\"url\":\"https:\/\/thormenorca.klicma.com\/\",\"logo\":{\"@type\":\"ImageObject\",\"inLanguage\":\"en-US\",\"@id\":\"https:\/\/thormenorca.klicma.com\/#\/schema\/logo\/image\/\",\"url\":\"https:\/\/thormenorca.klicma.com\/wp-content\/uploads\/2025\/06\/webIcon.png\",\"contentUrl\":\"https:\/\/thormenorca.klicma.com\/wp-content\/uploads\/2025\/06\/webIcon.png\",\"width\":320,\"height\":562,\"caption\":\"thormenorca\"},\"image\":{\"@id\":\"https:\/\/thormenorca.klicma.com\/#\/schema\/logo\/image\/\"},\"sameAs\":[\"https:\/\/www.instagram.com\/thormenorca\"]}]}<\/script>\n<!-- \/ Yoast SEO plugin. -->","yoast_head_json":{"title":"Desenredante Abrillantador THOR Menorca \u201cSilky Mane\u201d - thormenorca.klicma.com","robots":{"index":"index","follow":"follow","max-snippet":"max-snippet:-1","max-image-preview":"max-image-preview:large","max-video-preview":"max-video-preview:-1"},"canonical":"https:\/\/thormenorca.klicma.com\/en\/product\/desenredante-abrillantador\/","og_locale":"en_US","og_type":"article","og_title":"Desenredante Abrillantador THOR Menorca \u201cSilky Mane\u201d - thormenorca.klicma.com","og_description":"Especial para las zonas de mucho pelaje como la crin y la cola. Sus ingredientes incrementan el brillo natural y dejan el pelaje sedoso y sin nudos facilitando el cepillado y reduciendo la electricidad est\u00e1tica. Repele la suciedad y el polvo reduciendo el tiempo de cepillado y de mantenimiento de estas zonas.","og_url":"https:\/\/thormenorca.klicma.com\/en\/product\/desenredante-abrillantador\/","og_site_name":"thormenorca.klicma.com","article_modified_time":"2025-10-30T19:06:16+00:00","og_image":[{"width":1181,"height":1181,"url":"https:\/\/thormenorca.klicma.com\/wp-content\/uploads\/2025\/08\/COS_03.jpg","type":"image\/jpeg"}],"twitter_card":"summary_large_image","twitter_misc":{"Est. reading time":"1 minute"},"schema":{"@context":"https:\/\/schema.org","@graph":[{"@type":"WebPage","@id":"https:\/\/thormenorca.klicma.com\/producto\/desenredante-abrillantador\/","url":"https:\/\/thormenorca.klicma.com\/producto\/desenredante-abrillantador\/","name":"Desenredante Abrillantador THOR Menorca \u201cSilky Mane\u201d - thormenorca.klicma.com","isPartOf":{"@id":"https:\/\/thormenorca.klicma.com\/#website"},"primaryImageOfPage":{"@id":"https:\/\/thormenorca.klicma.com\/producto\/desenredante-abrillantador\/#primaryimage"},"image":{"@id":"https:\/\/thormenorca.klicma.com\/producto\/desenredante-abrillantador\/#primaryimage"},"thumbnailUrl":"https:\/\/thormenorca.klicma.com\/wp-content\/uploads\/2025\/08\/COS_03.jpg","datePublished":"2025-08-04T10:18:45+00:00","dateModified":"2025-10-30T19:06:16+00:00","breadcrumb":{"@id":"https:\/\/thormenorca.klicma.com\/producto\/desenredante-abrillantador\/#breadcrumb"},"inLanguage":"en-US","potentialAction":[{"@type":"ReadAction","target":["https:\/\/thormenorca.klicma.com\/producto\/desenredante-abrillantador\/"]}]},{"@type":"ImageObject","inLanguage":"en-US","@id":"https:\/\/thormenorca.klicma.com\/producto\/desenredante-abrillantador\/#primaryimage","url":"https:\/\/thormenorca.klicma.com\/wp-content\/uploads\/2025\/08\/COS_03.jpg","contentUrl":"https:\/\/thormenorca.klicma.com\/wp-content\/uploads\/2025\/08\/COS_03.jpg","width":1181,"height":1181},{"@type":"BreadcrumbList","@id":"https:\/\/thormenorca.klicma.com\/producto\/desenredante-abrillantador\/#breadcrumb","itemListElement":[{"@type":"ListItem","position":1,"name":"Portada","item":"https:\/\/thormenorca.klicma.com\/"},{"@type":"ListItem","position":2,"name":"Tienda","item":"https:\/\/thormenorca.klicma.com\/tienda\/"},{"@type":"ListItem","position":3,"name":"Desenredante Abrillantador THOR Menorca \u201cSilky Mane\u201d"}]},{"@type":"WebSite","@id":"https:\/\/thormenorca.klicma.com\/#website","url":"https:\/\/thormenorca.klicma.com\/","name":"thormenorca.com","description":"","publisher":{"@id":"https:\/\/thormenorca.klicma.com\/#organization"},"potentialAction":[{"@type":"SearchAction","target":{"@type":"EntryPoint","urlTemplate":"https:\/\/thormenorca.klicma.com\/?s={search_term_string}"},"query-input":{"@type":"PropertyValueSpecification","valueRequired":true,"valueName":"search_term_string"}}],"inLanguage":"en-US"},{"@type":"Organization","@id":"https:\/\/thormenorca.klicma.com\/#organization","name":"thormenorca","url":"https:\/\/thormenorca.klicma.com\/","logo":{"@type":"ImageObject","inLanguage":"en-US","@id":"https:\/\/thormenorca.klicma.com\/#\/schema\/logo\/image\/","url":"https:\/\/thormenorca.klicma.com\/wp-content\/uploads\/2025\/06\/webIcon.png","contentUrl":"https:\/\/thormenorca.klicma.com\/wp-content\/uploads\/2025\/06\/webIcon.png","width":320,"height":562,"caption":"thormenorca"},"image":{"@id":"https:\/\/thormenorca.klicma.com\/#\/schema\/logo\/image\/"},"sameAs":["https:\/\/www.instagram.com\/thormenorca"]}]}},"_links":{"self":[{"href":"https:\/\/thormenorca.klicma.com\/en\/wp-json\/wp\/v2\/product\/361","targetHints":{"allow":["GET"]}}],"collection":[{"href":"https:\/\/thormenorca.klicma.com\/en\/wp-json\/wp\/v2\/product"}],"about":[{"href":"https:\/\/thormenorca.klicma.com\/en\/wp-json\/wp\/v2\/types\/product"}],"replies":[{"embeddable":true,"href":"https:\/\/thormenorca.klicma.com\/en\/wp-json\/wp\/v2\/comments?post=361"}],"wp:featuredmedia":[{"embeddable":true,"href":"https:\/\/thormenorca.klicma.com\/en\/wp-json\/wp\/v2\/media\/362"}],"wp:attachment":[{"href":"https:\/\/thormenorca.klicma.com\/en\/wp-json\/wp\/v2\/media?parent=361"}],"wp:term":[{"taxonomy":"product_brand","embeddable":true,"href":"https:\/\/thormenorca.klicma.com\/en\/wp-json\/wp\/v2\/product_brand?post=361"},{"taxonomy":"product_cat","embeddable":true,"href":"https:\/\/thormenorca.klicma.com\/en\/wp-json\/wp\/v2\/product_cat?post=361"},{"taxonomy":"product_tag","embeddable":true,"href":"https:\/\/thormenorca.klicma.com\/en\/wp-json\/wp\/v2\/product_tag?post=361"}],"curies":[{"name":"wp","href":"https:\/\/api.w.org\/{rel}","templated":true}]}}