{"id":359,"date":"2025-08-04T10:07:34","date_gmt":"2025-08-04T10:07:34","guid":{"rendered":"https:\/\/thormenorca.klicma.com\/?post_type=product&#038;p=359"},"modified":"2025-10-30T19:06:32","modified_gmt":"2025-10-30T19:06:32","slug":"spray-repelente","status":"publish","type":"product","link":"https:\/\/thormenorca.klicma.com\/en\/product\/spray-repelente\/","title":{"rendered":"THOR Menorca \u201cNatural Shield\u201d Protective Spray"},"content":{"rendered":"<h3>MODO DE USO Y APLICACI\u00d3N<\/h3>\n<p class=\"p1\">Aplicar 1 vez al d\u00eda en caballos estabulados. En \u00e9pocas de mayor proliferaci\u00f3n de insectos y en caballos de exterior, pulverizar 2 veces por d\u00eda en todo el cuerpo del caballo, evitando los ojos y mucosas, a una distancia de 20 cent\u00edmetros.<\/p>\n<h3>COMPOSICI\u00d3N<\/h3>\n<p class=\"p1\">Extracto de margosa 1%, Geraniol 0,5%, Aceite de lavandin 0,5%.<\/p>\n<h3>VENTAJAS<\/h3>\n<ul>\n<li class=\"p1\">0% parabenos, siliconas y colorantes<\/li>\n<li class=\"p1\">pH adaptado: uso frecuente<\/li>\n<li class=\"p1\">Elimina cualquier insecto en un solo lavado: Pulgas, garrapatas, \u00e1caros, chinches, piojos, etc.<\/li>\n<li class=\"p1\">Contiene 3 activos repelentes naturales MARGOSA, GERANIOL y LAVANDINO<\/li>\n<li class=\"p1\">Eficaz en infestaciones severas<\/li>\n<li class=\"p1\">Tensioactivos muy suaves<\/li>\n<li class=\"p1\">Fragancia: C\u00edtrica<\/li>\n<li class=\"p1\">Apto para su uso en hembras gestantes, potrillos, etc.<\/li>\n<\/ul>","protected":false},"excerpt":{"rendered":"<p>Spray natural para equinos con MARGOSA (NEEM), GERANIOL y LAVANDINO. La MARGOSA (NEEM) es un insecticida natural que elimina todo tipo de insectos presentes en la piel o el pelaje. El GERANIOL Y EL LAVANDINO, repelentes naturales, proporcionan una protecci\u00f3n adicional repeliendo todo tipo de insectos voladores. Act\u00faa contra t\u00e1banos, moscas, mosquitos y piojos. Por su composici\u00f3n natural no tiene efectos secundarios ni contra indicaciones, y se puede utilizar de manera frecuente en todo tipo de razas equinas, as\u00ed mismo, es apto para su uso en hembras gestantes, potrillos, etc.<\/p>","protected":false},"featured_media":360,"comment_status":"open","ping_status":"closed","template":"","meta":[],"product_brand":[],"product_cat":[18],"product_tag":[],"class_list":{"0":"post-359","1":"product","2":"type-product","3":"status-publish","4":"has-post-thumbnail","6":"product_cat-cosmetica","8":"first","9":"instock","10":"taxable","11":"shipping-taxable","12":"purchasable","13":"product-type-simple"},"yoast_head":"<!-- This site is optimized with the Yoast SEO plugin v26.2 - https:\/\/yoast.com\/wordpress\/plugins\/seo\/ -->\n<title>Spray Repelente THOR Menorca \u201cNatural Shield\u201d - thormenorca.klicma.com<\/title>\n<meta name=\"robots\" content=\"index, follow, max-snippet:-1, max-image-preview:large, max-video-preview:-1\" \/>\n<link rel=\"canonical\" href=\"https:\/\/thormenorca.klicma.com\/en\/product\/spray-repelente\/\" \/>\n<meta property=\"og:locale\" content=\"en_US\" \/>\n<meta property=\"og:type\" content=\"article\" \/>\n<meta property=\"og:title\" content=\"Spray Repelente THOR Menorca \u201cNatural Shield\u201d - thormenorca.klicma.com\" \/>\n<meta property=\"og:description\" content=\"Spray natural para equinos con MARGOSA (NEEM), GERANIOL y LAVANDINO. La MARGOSA (NEEM) es un insecticida natural que elimina todo tipo de insectos presentes en la piel o el pelaje. El GERANIOL Y EL LAVANDINO, repelentes naturales, proporcionan una protecci\u00f3n adicional repeliendo todo tipo de insectos voladores. Act\u00faa contra t\u00e1banos, moscas, mosquitos y piojos. Por su composici\u00f3n natural no tiene efectos secundarios ni contra indicaciones, y se puede utilizar de manera frecuente en todo tipo de razas equinas, as\u00ed mismo, es apto para su uso en hembras gestantes, potrillos, etc.\" \/>\n<meta property=\"og:url\" content=\"https:\/\/thormenorca.klicma.com\/en\/product\/spray-repelente\/\" \/>\n<meta property=\"og:site_name\" content=\"thormenorca.klicma.com\" \/>\n<meta property=\"article:modified_time\" content=\"2025-10-30T19:06:32+00:00\" \/>\n<meta property=\"og:image\" content=\"https:\/\/thormenorca.klicma.com\/wp-content\/uploads\/2025\/08\/COS_02.jpg\" \/>\n\t<meta property=\"og:image:width\" content=\"1181\" \/>\n\t<meta property=\"og:image:height\" content=\"1181\" \/>\n\t<meta property=\"og:image:type\" content=\"image\/jpeg\" \/>\n<meta name=\"twitter:card\" content=\"summary_large_image\" \/>\n<meta name=\"twitter:label1\" content=\"Est. reading time\" \/>\n\t<meta name=\"twitter:data1\" content=\"1 minute\" \/>\n<script type=\"application\/ld+json\" class=\"yoast-schema-graph\">{\"@context\":\"https:\/\/schema.org\",\"@graph\":[{\"@type\":\"WebPage\",\"@id\":\"https:\/\/thormenorca.klicma.com\/producto\/spray-repelente\/\",\"url\":\"https:\/\/thormenorca.klicma.com\/producto\/spray-repelente\/\",\"name\":\"Spray Repelente THOR Menorca \u201cNatural Shield\u201d - thormenorca.klicma.com\",\"isPartOf\":{\"@id\":\"https:\/\/thormenorca.klicma.com\/#website\"},\"primaryImageOfPage\":{\"@id\":\"https:\/\/thormenorca.klicma.com\/producto\/spray-repelente\/#primaryimage\"},\"image\":{\"@id\":\"https:\/\/thormenorca.klicma.com\/producto\/spray-repelente\/#primaryimage\"},\"thumbnailUrl\":\"https:\/\/thormenorca.klicma.com\/wp-content\/uploads\/2025\/08\/COS_02.jpg\",\"datePublished\":\"2025-08-04T10:07:34+00:00\",\"dateModified\":\"2025-10-30T19:06:32+00:00\",\"breadcrumb\":{\"@id\":\"https:\/\/thormenorca.klicma.com\/producto\/spray-repelente\/#breadcrumb\"},\"inLanguage\":\"en-US\",\"potentialAction\":[{\"@type\":\"ReadAction\",\"target\":[\"https:\/\/thormenorca.klicma.com\/producto\/spray-repelente\/\"]}]},{\"@type\":\"ImageObject\",\"inLanguage\":\"en-US\",\"@id\":\"https:\/\/thormenorca.klicma.com\/producto\/spray-repelente\/#primaryimage\",\"url\":\"https:\/\/thormenorca.klicma.com\/wp-content\/uploads\/2025\/08\/COS_02.jpg\",\"contentUrl\":\"https:\/\/thormenorca.klicma.com\/wp-content\/uploads\/2025\/08\/COS_02.jpg\",\"width\":1181,\"height\":1181},{\"@type\":\"BreadcrumbList\",\"@id\":\"https:\/\/thormenorca.klicma.com\/producto\/spray-repelente\/#breadcrumb\",\"itemListElement\":[{\"@type\":\"ListItem\",\"position\":1,\"name\":\"Portada\",\"item\":\"https:\/\/thormenorca.klicma.com\/\"},{\"@type\":\"ListItem\",\"position\":2,\"name\":\"Tienda\",\"item\":\"https:\/\/thormenorca.klicma.com\/tienda\/\"},{\"@type\":\"ListItem\",\"position\":3,\"name\":\"Spray Repelente THOR Menorca \u201cNatural Shield\u201d\"}]},{\"@type\":\"WebSite\",\"@id\":\"https:\/\/thormenorca.klicma.com\/#website\",\"url\":\"https:\/\/thormenorca.klicma.com\/\",\"name\":\"thormenorca.com\",\"description\":\"\",\"publisher\":{\"@id\":\"https:\/\/thormenorca.klicma.com\/#organization\"},\"potentialAction\":[{\"@type\":\"SearchAction\",\"target\":{\"@type\":\"EntryPoint\",\"urlTemplate\":\"https:\/\/thormenorca.klicma.com\/?s={search_term_string}\"},\"query-input\":{\"@type\":\"PropertyValueSpecification\",\"valueRequired\":true,\"valueName\":\"search_term_string\"}}],\"inLanguage\":\"en-US\"},{\"@type\":\"Organization\",\"@id\":\"https:\/\/thormenorca.klicma.com\/#organization\",\"name\":\"thormenorca\",\"url\":\"https:\/\/thormenorca.klicma.com\/\",\"logo\":{\"@type\":\"ImageObject\",\"inLanguage\":\"en-US\",\"@id\":\"https:\/\/thormenorca.klicma.com\/#\/schema\/logo\/image\/\",\"url\":\"https:\/\/thormenorca.klicma.com\/wp-content\/uploads\/2025\/06\/webIcon.png\",\"contentUrl\":\"https:\/\/thormenorca.klicma.com\/wp-content\/uploads\/2025\/06\/webIcon.png\",\"width\":320,\"height\":562,\"caption\":\"thormenorca\"},\"image\":{\"@id\":\"https:\/\/thormenorca.klicma.com\/#\/schema\/logo\/image\/\"},\"sameAs\":[\"https:\/\/www.instagram.com\/thormenorca\"]}]}<\/script>\n<!-- \/ Yoast SEO plugin. -->","yoast_head_json":{"title":"Spray Repelente THOR Menorca \u201cNatural Shield\u201d - thormenorca.klicma.com","robots":{"index":"index","follow":"follow","max-snippet":"max-snippet:-1","max-image-preview":"max-image-preview:large","max-video-preview":"max-video-preview:-1"},"canonical":"https:\/\/thormenorca.klicma.com\/en\/product\/spray-repelente\/","og_locale":"en_US","og_type":"article","og_title":"Spray Repelente THOR Menorca \u201cNatural Shield\u201d - thormenorca.klicma.com","og_description":"Spray natural para equinos con MARGOSA (NEEM), GERANIOL y LAVANDINO. La MARGOSA (NEEM) es un insecticida natural que elimina todo tipo de insectos presentes en la piel o el pelaje. El GERANIOL Y EL LAVANDINO, repelentes naturales, proporcionan una protecci\u00f3n adicional repeliendo todo tipo de insectos voladores. Act\u00faa contra t\u00e1banos, moscas, mosquitos y piojos. Por su composici\u00f3n natural no tiene efectos secundarios ni contra indicaciones, y se puede utilizar de manera frecuente en todo tipo de razas equinas, as\u00ed mismo, es apto para su uso en hembras gestantes, potrillos, etc.","og_url":"https:\/\/thormenorca.klicma.com\/en\/product\/spray-repelente\/","og_site_name":"thormenorca.klicma.com","article_modified_time":"2025-10-30T19:06:32+00:00","og_image":[{"width":1181,"height":1181,"url":"https:\/\/thormenorca.klicma.com\/wp-content\/uploads\/2025\/08\/COS_02.jpg","type":"image\/jpeg"}],"twitter_card":"summary_large_image","twitter_misc":{"Est. reading time":"1 minute"},"schema":{"@context":"https:\/\/schema.org","@graph":[{"@type":"WebPage","@id":"https:\/\/thormenorca.klicma.com\/producto\/spray-repelente\/","url":"https:\/\/thormenorca.klicma.com\/producto\/spray-repelente\/","name":"Spray Repelente THOR Menorca \u201cNatural Shield\u201d - thormenorca.klicma.com","isPartOf":{"@id":"https:\/\/thormenorca.klicma.com\/#website"},"primaryImageOfPage":{"@id":"https:\/\/thormenorca.klicma.com\/producto\/spray-repelente\/#primaryimage"},"image":{"@id":"https:\/\/thormenorca.klicma.com\/producto\/spray-repelente\/#primaryimage"},"thumbnailUrl":"https:\/\/thormenorca.klicma.com\/wp-content\/uploads\/2025\/08\/COS_02.jpg","datePublished":"2025-08-04T10:07:34+00:00","dateModified":"2025-10-30T19:06:32+00:00","breadcrumb":{"@id":"https:\/\/thormenorca.klicma.com\/producto\/spray-repelente\/#breadcrumb"},"inLanguage":"en-US","potentialAction":[{"@type":"ReadAction","target":["https:\/\/thormenorca.klicma.com\/producto\/spray-repelente\/"]}]},{"@type":"ImageObject","inLanguage":"en-US","@id":"https:\/\/thormenorca.klicma.com\/producto\/spray-repelente\/#primaryimage","url":"https:\/\/thormenorca.klicma.com\/wp-content\/uploads\/2025\/08\/COS_02.jpg","contentUrl":"https:\/\/thormenorca.klicma.com\/wp-content\/uploads\/2025\/08\/COS_02.jpg","width":1181,"height":1181},{"@type":"BreadcrumbList","@id":"https:\/\/thormenorca.klicma.com\/producto\/spray-repelente\/#breadcrumb","itemListElement":[{"@type":"ListItem","position":1,"name":"Portada","item":"https:\/\/thormenorca.klicma.com\/"},{"@type":"ListItem","position":2,"name":"Tienda","item":"https:\/\/thormenorca.klicma.com\/tienda\/"},{"@type":"ListItem","position":3,"name":"Spray Repelente THOR Menorca \u201cNatural Shield\u201d"}]},{"@type":"WebSite","@id":"https:\/\/thormenorca.klicma.com\/#website","url":"https:\/\/thormenorca.klicma.com\/","name":"thormenorca.com","description":"","publisher":{"@id":"https:\/\/thormenorca.klicma.com\/#organization"},"potentialAction":[{"@type":"SearchAction","target":{"@type":"EntryPoint","urlTemplate":"https:\/\/thormenorca.klicma.com\/?s={search_term_string}"},"query-input":{"@type":"PropertyValueSpecification","valueRequired":true,"valueName":"search_term_string"}}],"inLanguage":"en-US"},{"@type":"Organization","@id":"https:\/\/thormenorca.klicma.com\/#organization","name":"thormenorca","url":"https:\/\/thormenorca.klicma.com\/","logo":{"@type":"ImageObject","inLanguage":"en-US","@id":"https:\/\/thormenorca.klicma.com\/#\/schema\/logo\/image\/","url":"https:\/\/thormenorca.klicma.com\/wp-content\/uploads\/2025\/06\/webIcon.png","contentUrl":"https:\/\/thormenorca.klicma.com\/wp-content\/uploads\/2025\/06\/webIcon.png","width":320,"height":562,"caption":"thormenorca"},"image":{"@id":"https:\/\/thormenorca.klicma.com\/#\/schema\/logo\/image\/"},"sameAs":["https:\/\/www.instagram.com\/thormenorca"]}]}},"_links":{"self":[{"href":"https:\/\/thormenorca.klicma.com\/en\/wp-json\/wp\/v2\/product\/359","targetHints":{"allow":["GET"]}}],"collection":[{"href":"https:\/\/thormenorca.klicma.com\/en\/wp-json\/wp\/v2\/product"}],"about":[{"href":"https:\/\/thormenorca.klicma.com\/en\/wp-json\/wp\/v2\/types\/product"}],"replies":[{"embeddable":true,"href":"https:\/\/thormenorca.klicma.com\/en\/wp-json\/wp\/v2\/comments?post=359"}],"wp:featuredmedia":[{"embeddable":true,"href":"https:\/\/thormenorca.klicma.com\/en\/wp-json\/wp\/v2\/media\/360"}],"wp:attachment":[{"href":"https:\/\/thormenorca.klicma.com\/en\/wp-json\/wp\/v2\/media?parent=359"}],"wp:term":[{"taxonomy":"product_brand","embeddable":true,"href":"https:\/\/thormenorca.klicma.com\/en\/wp-json\/wp\/v2\/product_brand?post=359"},{"taxonomy":"product_cat","embeddable":true,"href":"https:\/\/thormenorca.klicma.com\/en\/wp-json\/wp\/v2\/product_cat?post=359"},{"taxonomy":"product_tag","embeddable":true,"href":"https:\/\/thormenorca.klicma.com\/en\/wp-json\/wp\/v2\/product_tag?post=359"}],"curies":[{"name":"wp","href":"https:\/\/api.w.org\/{rel}","templated":true}]}}